{"id":42,"date":"2025-03-12T13:14:27","date_gmt":"2025-03-12T13:14:27","guid":{"rendered":"https:\/\/sunemoon-sml.com\/?page_id=42"},"modified":"2025-05-20T13:28:50","modified_gmt":"2025-05-20T13:28:50","slug":"estetica-non-chirurgica","status":"publish","type":"page","link":"https:\/\/sunemoon-sml.com\/index.php\/estetica-non-chirurgica\/","title":{"rendered":"Estetica non chirurgica&#8230; Rigenera la tua pelle in profondit\u00e0 senza bisturi."},"content":{"rendered":"\n<div class=\"wp-block-media-text is-stacked-on-mobile\" style=\"grid-template-columns:27% auto\"><figure class=\"wp-block-media-text__media\"><img loading=\"lazy\" decoding=\"async\" width=\"852\" height=\"1024\" src=\"https:\/\/sunemoon-sml.com\/wp-content\/uploads\/2025\/03\/Untitled-design-852x1024.jpg\" alt=\"\" class=\"wp-image-44 size-full\" srcset=\"https:\/\/sunemoon-sml.com\/wp-content\/uploads\/2025\/03\/Untitled-design-852x1024.jpg 852w, https:\/\/sunemoon-sml.com\/wp-content\/uploads\/2025\/03\/Untitled-design-250x300.jpg 250w, https:\/\/sunemoon-sml.com\/wp-content\/uploads\/2025\/03\/Untitled-design-768x923.jpg 768w, https:\/\/sunemoon-sml.com\/wp-content\/uploads\/2025\/03\/Untitled-design.jpg 864w\" sizes=\"auto, (max-width: 852px) 100vw, 852px\" \/><\/figure><div class=\"wp-block-media-text__content\">\n<h3 class=\"wp-block-heading\"><strong>Trattamento ai Fili di Collagene<\/strong><\/h3>\n\n\n\n<div class=\"wp-block-group is-vertical is-layout-flex wp-container-core-group-is-layout-fe9cc265 wp-block-group-is-layout-flex\">\n<p>Il trattamento ai fili di collagene \u00e8 una tecnica innovativa di biostimolazione che aiuta a contrastare i segni dell\u2019invecchiamento e a migliorare la tonicit\u00e0 della pelle. Grazie all\u2019applicazione di fili riassorbibili a base di collagene, la pelle ritrova elasticit\u00e0, compattezza e un aspetto pi\u00f9 giovane e disteso.<\/p>\n<\/div>\n<\/div><\/div>\n\n\n\n<div class=\"wp-block-media-text is-stacked-on-mobile\" style=\"grid-template-columns:27% auto\"><figure class=\"wp-block-media-text__media\"><img loading=\"lazy\" decoding=\"async\" width=\"781\" height=\"1024\" src=\"https:\/\/sunemoon-sml.com\/wp-content\/uploads\/2025\/03\/Untitled-design-3-781x1024.jpg\" alt=\"\" class=\"wp-image-45 size-full\" srcset=\"https:\/\/sunemoon-sml.com\/wp-content\/uploads\/2025\/03\/Untitled-design-3-781x1024.jpg 781w, https:\/\/sunemoon-sml.com\/wp-content\/uploads\/2025\/03\/Untitled-design-3-229x300.jpg 229w, https:\/\/sunemoon-sml.com\/wp-content\/uploads\/2025\/03\/Untitled-design-3-768x1007.jpg 768w, https:\/\/sunemoon-sml.com\/wp-content\/uploads\/2025\/03\/Untitled-design-3.jpg 869w\" sizes=\"auto, (max-width: 781px) 100vw, 781px\" \/><\/figure><div class=\"wp-block-media-text__content\">\n<h3 class=\"wp-block-heading\"><strong>Trattamento Nanoneedling<\/strong><\/h3>\n\n\n\n<p>Il nanoneedling \u00e8 una tecnica avanzata di biorivitalizzazione che favorisce il rinnovamento cellulare senza l\u2019uso di aghi invasivi. Grazie a un sistema di micro-aghi in nanoscala, il trattamento permette di veicolare in profondit\u00e0 principi attivi rigeneranti, migliorando l\u2019elasticit\u00e0 e la luminosit\u00e0 della pelle.<\/p>\n<\/div><\/div>\n\n\n\n<div class=\"wp-block-media-text is-stacked-on-mobile\" style=\"grid-template-columns:27% auto\"><figure class=\"wp-block-media-text__media\"><img loading=\"lazy\" decoding=\"async\" width=\"848\" height=\"1024\" src=\"https:\/\/sunemoon-sml.com\/wp-content\/uploads\/2025\/03\/Untitled-design-4-848x1024.jpg\" alt=\"\" class=\"wp-image-46 size-full\" srcset=\"https:\/\/sunemoon-sml.com\/wp-content\/uploads\/2025\/03\/Untitled-design-4-848x1024.jpg 848w, https:\/\/sunemoon-sml.com\/wp-content\/uploads\/2025\/03\/Untitled-design-4-248x300.jpg 248w, https:\/\/sunemoon-sml.com\/wp-content\/uploads\/2025\/03\/Untitled-design-4-768x928.jpg 768w, https:\/\/sunemoon-sml.com\/wp-content\/uploads\/2025\/03\/Untitled-design-4.jpg 866w\" sizes=\"auto, (max-width: 848px) 100vw, 848px\" \/><\/figure><div class=\"wp-block-media-text__content\">\n<h3 class=\"wp-block-heading\"><strong>Trattamento Microneedling<\/strong><\/h3>\n\n\n\n<p>Il microneedling \u00e8 un trattamento estetico avanzato che stimola la rigenerazione cutanea attraverso micro-perforazioni controllate. Grazie all\u2019uso di un dispositivo con micro-aghi sottilissimi, favorisce la produzione naturale di collagene ed elastina, migliorando visibilmente la qualit\u00e0 della pelle.<\/p>\n<\/div><\/div>\n","protected":false},"excerpt":{"rendered":"<p>Trattamento Nanoneedling Il nanoneedling \u00e8 una tecnica avanzata di biorivitalizzazione che favorisce il rinnovamento cellulare senza l\u2019uso di aghi invasivi. Grazie a un sistema di micro-aghi in nanoscala, il trattamento permette di veicolare in profondit\u00e0 principi attivi rigeneranti, migliorando l\u2019elasticit\u00e0 e la luminosit\u00e0 della pelle. Trattamento Microneedling Il microneedling \u00e8 un trattamento estetico avanzato che [&hellip;]<\/p>\n","protected":false},"author":1,"featured_media":0,"parent":0,"menu_order":0,"comment_status":"closed","ping_status":"closed","template":"","meta":{"om_disable_all_campaigns":false,"_monsterinsights_skip_tracking":false,"_monsterinsights_sitenote_active":false,"_monsterinsights_sitenote_note":"","_monsterinsights_sitenote_category":0,"footnotes":""},"class_list":["post-42","page","type-page","status-publish","hentry"],"aioseo_notices":[],"_links":{"self":[{"href":"https:\/\/sunemoon-sml.com\/index.php\/wp-json\/wp\/v2\/pages\/42","targetHints":{"allow":["GET"]}}],"collection":[{"href":"https:\/\/sunemoon-sml.com\/index.php\/wp-json\/wp\/v2\/pages"}],"about":[{"href":"https:\/\/sunemoon-sml.com\/index.php\/wp-json\/wp\/v2\/types\/page"}],"author":[{"embeddable":true,"href":"https:\/\/sunemoon-sml.com\/index.php\/wp-json\/wp\/v2\/users\/1"}],"replies":[{"embeddable":true,"href":"https:\/\/sunemoon-sml.com\/index.php\/wp-json\/wp\/v2\/comments?post=42"}],"version-history":[{"count":2,"href":"https:\/\/sunemoon-sml.com\/index.php\/wp-json\/wp\/v2\/pages\/42\/revisions"}],"predecessor-version":[{"id":203,"href":"https:\/\/sunemoon-sml.com\/index.php\/wp-json\/wp\/v2\/pages\/42\/revisions\/203"}],"wp:attachment":[{"href":"https:\/\/sunemoon-sml.com\/index.php\/wp-json\/wp\/v2\/media?parent=42"}],"curies":[{"name":"wp","href":"https:\/\/api.w.org\/{rel}","templated":true}]}}